{"id":588,"date":"2011-04-23T11:26:22","date_gmt":"2011-04-23T11:26:22","guid":{"rendered":"http:\/\/www.pro-skills.eu\/"},"modified":"2011-05-03T19:14:46","modified_gmt":"2011-05-03T19:14:46","slug":"startseite","status":"publish","type":"page","link":"https:\/\/www.pro-skills.eu\/de\/","title":{"rendered":"Startseite"},"content":{"rendered":"<h2 class=\"welcome\" style=\"text-align: center;\">Herzlich Willkommen auf unserer Homepage PRO-SKILLS!<\/h2>\n<p><br class=\"spacer_\" \/><\/p>\n<blockquote>\n<h4>Hier steht die F\u00f6rderung von personalen und sozialen Kompetenzen als Basis f\u00fcr Lebens-langes Lernen im Mittelpunkt des Interesses!<\/h4>\n<\/blockquote>\n<p><strong>Unsere Ziele:<\/strong><\/p>\n<ul class=\"listHome\" style=\"text-align: left;\">\n<li>Anpacken der k\u00fcnftigen Herausforderungen des Lebenslangen Lernens<\/li>\n<li>F\u00f6rderung von personalen und sozialen Kompetenzen bei Erwachsenen<\/li>\n<li>gleichberechtiger Zugang von sozial benachteiligten Personen zu den Angeboten der Erwachsenenbildung<\/li>\n<li>Konzeption und Verbreitung <strong>eines praxis-orientierten Trainingskonzepts<\/strong><\/li>\n<li>aktive und erfahrungebasierte Trainingsmethoden<\/li>\n<li>europ\u00e4ischer Austausch<\/li>\n<li>Weiterbildung von Fachkr\u00e4ften, die mit sozial Benachteiligten arbeiten<\/li>\n<li>Sensibilisierung von Entscheidungstr\u00e4gern und politisch Verantwortlichen im Bil-dungsbereich<\/li>\n<li style=\"text-align: left;\">Nutzen durch ein <strong>interdisziplin\u00e4res und internationales Team<\/strong><\/li>\n<\/ul>\n<p style=\"padding-left: 60px; text-align: left;\">\n<p style=\"text-align: left;\"><br class=\"spacer_\" \/><\/p>\n<p style=\"text-align: left;\">Das Projekt ist Teil der <strong>Lifelong Learning-Programms der EU (Sektion Grundtvig) <\/strong>und wird von der Europ\u00e4ischen Kommission ko-finanziert. Die zehn Projektpartner kommen aus acht europ\u00e4ischen L\u00e4ndern.<\/p>\n","protected":false},"excerpt":{"rendered":"<p>Herzlich Willkommen auf unserer Homepage PRO-SKILLS! Hier steht die F\u00f6rderung von personalen und sozialen Kompetenzen als Basis f\u00fcr Lebens-langes Lernen im Mittelpunkt des Interesses! Unsere Ziele: Anpacken der k\u00fcnftigen Herausforderungen des Lebenslangen Lernens F\u00f6rderung von personalen und sozialen Kompetenzen bei Erwachsenen gleichberechtiger Zugang von sozial benachteiligten Personen zu den Angeboten der Erwachsenenbildung Konzeption und Verbreitung [&hellip;]<\/p>\n","protected":false},"author":4,"featured_media":0,"parent":0,"menu_order":1,"comment_status":"closed","ping_status":"open","template":"","meta":{"ngg_post_thumbnail":0,"footnotes":""},"class_list":["post-588","page","type-page","status-publish","hentry"],"aioseo_notices":[],"_links":{"self":[{"href":"https:\/\/www.pro-skills.eu\/de\/wp-json\/wp\/v2\/pages\/588","targetHints":{"allow":["GET"]}}],"collection":[{"href":"https:\/\/www.pro-skills.eu\/de\/wp-json\/wp\/v2\/pages"}],"about":[{"href":"https:\/\/www.pro-skills.eu\/de\/wp-json\/wp\/v2\/types\/page"}],"author":[{"embeddable":true,"href":"https:\/\/www.pro-skills.eu\/de\/wp-json\/wp\/v2\/users\/4"}],"replies":[{"embeddable":true,"href":"https:\/\/www.pro-skills.eu\/de\/wp-json\/wp\/v2\/comments?post=588"}],"version-history":[{"count":5,"href":"https:\/\/www.pro-skills.eu\/de\/wp-json\/wp\/v2\/pages\/588\/revisions"}],"predecessor-version":[{"id":590,"href":"https:\/\/www.pro-skills.eu\/de\/wp-json\/wp\/v2\/pages\/588\/revisions\/590"}],"wp:attachment":[{"href":"https:\/\/www.pro-skills.eu\/de\/wp-json\/wp\/v2\/media?parent=588"}],"curies":[{"name":"wp","href":"https:\/\/api.w.org\/{rel}","templated":true}]}}