{"id":606,"date":"2011-04-23T15:59:28","date_gmt":"2011-04-23T15:59:28","guid":{"rendered":"http:\/\/www.pro-skills.eu\/"},"modified":"2011-05-03T19:48:19","modified_gmt":"2011-05-03T19:48:19","slug":"events-2","status":"publish","type":"page","link":"https:\/\/www.pro-skills.eu\/de\/events-2\/","title":{"rendered":"Events"},"content":{"rendered":"<h3><strong>k\u00fcnftige Veranstaltungen<\/strong><\/h3>\n<p>Bald!<\/p>\n<p><br class=\"spacer_\" \/><\/p>\n<h3>Abgeschlossene Veranstaltungen<\/h3>\n<p><br class=\"spacer_\" \/><\/p>\n<p>&#8230;&#8230;&#8230;&#8230;&#8230;&#8230;&#8230;&#8230;&#8230;&#8230;&#8230;&#8230;&#8230;&#8230;&#8230;&#8230;&#8230;&#8230;&#8230;&#8230;&#8230;&#8230;&#8230;&#8230;&#8230;&#8230;&#8230;&#8230;&#8230;&#8230;&#8230;&#8230;&#8230;&#8230;&#8230;&#8230;&#8230;&#8230;&#8230;&#8230;&#8230;&#8230;&#8230;&#8230;&#8230;&#8230;&#8230;&#8230;&#8230;&#8230;&#8230;&#8230;&#8230;&#8230;&#8230;&#8230;&#8230;&#8230;&#8230;&#8230;&#8230;&#8230;&#8230;&#8230;&#8230;&#8230;&#8230;&#8230;<\/p>\n<h4>Europ\u00e4ische Konferenz &amp; Workshops<\/h4>\n<h5><\/h5>\n<p><strong>Konferenz: Basiskompetenzen f\u00fcr Lebenslanges Lernen (12. Juni 2008), Luxemburg<\/strong><\/p>\n<p>Die europ\u00e4ische Konferenz \u201cBasiskompetenzen f\u00fcr Lebenslanges Lernen\u201d fand im Juni 2008 in der Abbaye Neum\u00fcnster statt. Sie richtete sich an Politiker, verantwortliche Interessenvertreter und Entscheidungstr\u00e4ger sowie alle interessierten Personen, die mit sozial Benachteiligten und\/oder im Bereich Erwachsenenbildung arbeiten. Im Fokus stand die Bedeutung der personalen und sozialen Kompetenzen f\u00fcr die Erwachsenenbildung und f\u00fcr gleichberechtigte Zug\u00e4nge zu Angeboten des Lebenslangen Lernens. Vortr\u00e4ge renommierter Experten des Sozial- und des Bildungssektors verdeutlichten die Sachverhalte und regten zur handlungsleitenden Diskussion an:<\/p>\n<ul>\n<li>Dr. Mauro      Migliavacca, Universit\u00e0 Cattolica del Sacro Cuore di Milano, Fakult\u00e4t f\u00fcr      Soziologie (Italien): \u00a0<strong>Soziale Ausgrenzung &amp;      sozial benachteiligte Personen<\/strong><\/li>\n<li>Calle      Carling, \u00c5bo Akademi Universit\u00e4t, Fakult\u00e4t f\u00fcr Erziehungswissenschaften      und Allgemeine P\u00e4dagogik (Finnland): <strong>Lebenslanges Lernen<\/strong><\/li>\n<li>Vladka Tonica, Association for Development of the      Quality of Life &#8222;Renesansa&#8220; (Slovenien): <strong>Basiskompetenzen f\u00fcr Lebenslanges Lernen<\/strong><\/li>\n<li>Ingrid      B\u00f6hm und Prof. Dr. Jens Schneider, Institut f\u00fcr Produktives Lernen in      Europa (Deutschland): <strong>Produktives Lernen<\/strong><\/li>\n<li>Dr. Karin      Fehres, Deutscher Olympischer Sportbund (Deutschland): <strong>Bedeutung der NGOs<\/strong><\/li>\n<\/ul>\n<p>Anschlie\u00dfend wurden alle Teilnehmer zu Diskussionsgruppen eingeladen. Diese m\u00fcndeten in eine gemeinsame Erkl\u00e4rung bzgl. der bildungspolitischen Erfordernisse, welche am Ende der Konferenz der Presse vorgestellt und als Brosch\u00fcre ver\u00f6ffentlicht wurde (siehe <a href=\"http:\/\/www.pro-skills.eu\/de\/produkte\">Produkte<\/a>)<\/p>\n<p><strong>Train-the-trainer Workshop (13. Juni 2008), Luxemburg<\/strong><\/p>\n<p>Direkt im Anschluss an die europ\u00e4ische Konferenz fand ein interaktiver Train-the-Trainer-Workshop statt. Er bot Gelegenheit, sich n\u00e4her mit der F\u00f6rderung von Basiskompetenzen zu befassen. Neben den personalen und sozialen Kompetenzen standen dabei Planungs- und Selbstmanagement-Kompetenzen im Mittelpunkt des Interesses. Der Workshop fand in interaktiver und praxisorientierter Weise in mehreren parallelen Gruppen statt.<\/p>\n<h5>Koordination von Konferenz &amp; Workshops:<\/h5>\n<p><img loading=\"lazy\" decoding=\"async\" id=\"_x0000_i1055\" src=\"http:\/\/www.pro-skills.eu\/slike\/partners\/Cept_neu.jpg\" border=\"0\" alt=\"\" width=\"250\" height=\"96\" \/><\/p>\n<p>Centre de pr\u00e9vention des toxicomanies (CePT)<br \/>\n8-10, rue de la Fonderie, L &#8211; 1531 Luxembourg<br \/>\nTel. +352-497 777-1<br \/>\n<a href=\"http:\/\/www.cept.lu\" target=\"_blank\">www.cept.lu<\/a><\/p>\n","protected":false},"excerpt":{"rendered":"<p>k\u00fcnftige Veranstaltungen Bald! Abgeschlossene Veranstaltungen &#8230;&#8230;&#8230;&#8230;&#8230;&#8230;&#8230;&#8230;&#8230;&#8230;&#8230;&#8230;&#8230;&#8230;&#8230;&#8230;&#8230;&#8230;&#8230;&#8230;&#8230;&#8230;&#8230;&#8230;&#8230;&#8230;&#8230;&#8230;&#8230;&#8230;&#8230;&#8230;&#8230;&#8230;&#8230;&#8230;&#8230;&#8230;&#8230;&#8230;&#8230;&#8230;&#8230;&#8230;&#8230;&#8230;&#8230;&#8230;&#8230;&#8230;&#8230;&#8230;&#8230;&#8230;&#8230;&#8230;&#8230;&#8230;&#8230;&#8230;&#8230;&#8230;&#8230;&#8230;&#8230;&#8230;&#8230;&#8230; Europ\u00e4ische Konferenz &amp; Workshops Konferenz: Basiskompetenzen f\u00fcr Lebenslanges Lernen (12. Juni 2008), Luxemburg Die europ\u00e4ische Konferenz \u201cBasiskompetenzen f\u00fcr Lebenslanges Lernen\u201d fand im Juni 2008 in der Abbaye Neum\u00fcnster statt. Sie richtete sich an Politiker, verantwortliche Interessenvertreter und Entscheidungstr\u00e4ger sowie alle interessierten Personen, die mit sozial Benachteiligten und\/oder im Bereich [&hellip;]<\/p>\n","protected":false},"author":4,"featured_media":0,"parent":0,"menu_order":4,"comment_status":"closed","ping_status":"open","template":"","meta":{"ngg_post_thumbnail":0,"footnotes":""},"class_list":["post-606","page","type-page","status-publish","hentry"],"aioseo_notices":[],"_links":{"self":[{"href":"https:\/\/www.pro-skills.eu\/de\/wp-json\/wp\/v2\/pages\/606","targetHints":{"allow":["GET"]}}],"collection":[{"href":"https:\/\/www.pro-skills.eu\/de\/wp-json\/wp\/v2\/pages"}],"about":[{"href":"https:\/\/www.pro-skills.eu\/de\/wp-json\/wp\/v2\/types\/page"}],"author":[{"embeddable":true,"href":"https:\/\/www.pro-skills.eu\/de\/wp-json\/wp\/v2\/users\/4"}],"replies":[{"embeddable":true,"href":"https:\/\/www.pro-skills.eu\/de\/wp-json\/wp\/v2\/comments?post=606"}],"version-history":[{"count":5,"href":"https:\/\/www.pro-skills.eu\/de\/wp-json\/wp\/v2\/pages\/606\/revisions"}],"predecessor-version":[{"id":631,"href":"https:\/\/www.pro-skills.eu\/de\/wp-json\/wp\/v2\/pages\/606\/revisions\/631"}],"wp:attachment":[{"href":"https:\/\/www.pro-skills.eu\/de\/wp-json\/wp\/v2\/media?parent=606"}],"curies":[{"name":"wp","href":"https:\/\/api.w.org\/{rel}","templated":true}]}}