{"id":651,"date":"2011-04-28T10:34:21","date_gmt":"2011-04-28T10:34:21","guid":{"rendered":"http:\/\/www.pro-skills.eu\/"},"modified":"2011-05-03T19:14:49","modified_gmt":"2011-05-03T19:14:49","slug":"home-2","status":"publish","type":"page","link":"https:\/\/www.pro-skills.eu\/fi\/","title":{"rendered":"Home"},"content":{"rendered":"<h2 class=\"welcome\" style=\"text-align: center;\"><strong>Tervetuloa PRO-SKILLS hankkeen sivuille<\/strong><\/h2>\n<p><br class=\"spacer_\" \/><\/p>\n<blockquote>\n<h4><strong>t\u00e4\u00e4ll\u00e4 k\u00e4sitell\u00e4\u00e4n syrj\u00e4ytyneiden ihmisten <\/strong><strong>sosiaalisten ja inter- ja intrapersoonallisten taitojen kehitt\u00e4mist\u00e4, osana elinik\u00e4ist\u00e4 oppimista!<\/strong><\/h4>\n<\/blockquote>\n<p><strong><strong>Tavoitteemme:<\/strong><\/strong><\/p>\n<ul class=\"listHome\">\n<li>vastata      elinik\u00e4iseen oppimiseen liittyviin tulevaisuuden haasteisiin<\/li>\n<li>sosiaalisten      ja inter- ja intrapersoonallisten kykyjen ja taitojen edist\u00e4mien aikuisten      parissa<\/li>\n<li>edist\u00e4\u00e4      syrj\u00e4ytyneiden aikuisten mahdollisuutta osallistua aikuiskoulutuksen      tarjoamiin palveluihin<\/li>\n<li>k\u00e4yt\u00e4nn\u00f6nl\u00e4heisen      koulutuskonseptin levitt\u00e4minen ja sen ymm\u00e4rryksen lis\u00e4\u00e4minen<\/li>\n<li>aktiiviset      ja kokemukselliset koulutusmetodit<\/li>\n<li>kokemusten      ja tiedon vaihtoa Eurooppalaisella tasolla<\/li>\n<li>syrj\u00e4ytynyneiden parissa toimivien ammattilaisten      kouluttaminen<\/li>\n<li>koulutuksen      parissa toimivien p\u00e4\u00e4tt\u00e4jien herkist\u00e4minen aiheelle<\/li>\n<li>Poikkitieteellisen      ja monikansallisen tiimin vahvistaminen<\/li>\n<\/ul>\n<p style=\"padding-left: 60px; text-align: left;\">\n<p style=\"text-align: left;\"><br class=\"spacer_\" \/><\/p>\n<p style=\"text-align: left;\">Projekti on osa <strong>European Lifelong Learning program<\/strong> (Grundtvig) ja se on Euroopan komission rahoittama. Projektin kymmenen partneria tulevat kahdeksasta eri maasta.<\/p>\n","protected":false},"excerpt":{"rendered":"<p>Tervetuloa PRO-SKILLS hankkeen sivuille t\u00e4\u00e4ll\u00e4 k\u00e4sitell\u00e4\u00e4n syrj\u00e4ytyneiden ihmisten sosiaalisten ja inter- ja intrapersoonallisten taitojen kehitt\u00e4mist\u00e4, osana elinik\u00e4ist\u00e4 oppimista! Tavoitteemme: vastata elinik\u00e4iseen oppimiseen liittyviin tulevaisuuden haasteisiin sosiaalisten ja inter- ja intrapersoonallisten kykyjen ja taitojen edist\u00e4mien aikuisten parissa edist\u00e4\u00e4 syrj\u00e4ytyneiden aikuisten mahdollisuutta osallistua aikuiskoulutuksen tarjoamiin palveluihin k\u00e4yt\u00e4nn\u00f6nl\u00e4heisen koulutuskonseptin levitt\u00e4minen ja sen ymm\u00e4rryksen lis\u00e4\u00e4minen aktiiviset ja kokemukselliset koulutusmetodit [&hellip;]<\/p>\n","protected":false},"author":4,"featured_media":0,"parent":0,"menu_order":1,"comment_status":"closed","ping_status":"open","template":"","meta":{"ngg_post_thumbnail":0,"footnotes":""},"class_list":["post-651","page","type-page","status-publish","hentry"],"aioseo_notices":[],"_links":{"self":[{"href":"https:\/\/www.pro-skills.eu\/fi\/wp-json\/wp\/v2\/pages\/651","targetHints":{"allow":["GET"]}}],"collection":[{"href":"https:\/\/www.pro-skills.eu\/fi\/wp-json\/wp\/v2\/pages"}],"about":[{"href":"https:\/\/www.pro-skills.eu\/fi\/wp-json\/wp\/v2\/types\/page"}],"author":[{"embeddable":true,"href":"https:\/\/www.pro-skills.eu\/fi\/wp-json\/wp\/v2\/users\/4"}],"replies":[{"embeddable":true,"href":"https:\/\/www.pro-skills.eu\/fi\/wp-json\/wp\/v2\/comments?post=651"}],"version-history":[{"count":5,"href":"https:\/\/www.pro-skills.eu\/fi\/wp-json\/wp\/v2\/pages\/651\/revisions"}],"predecessor-version":[{"id":687,"href":"https:\/\/www.pro-skills.eu\/fi\/wp-json\/wp\/v2\/pages\/651\/revisions\/687"}],"wp:attachment":[{"href":"https:\/\/www.pro-skills.eu\/fi\/wp-json\/wp\/v2\/media?parent=651"}],"curies":[{"name":"wp","href":"https:\/\/api.w.org\/{rel}","templated":true}]}}