{"id":633,"date":"2011-04-24T08:36:38","date_gmt":"2011-04-24T08:36:38","guid":{"rendered":"http:\/\/www.pro-skills.eu\/"},"modified":"2011-05-03T19:14:38","modified_gmt":"2011-05-03T19:14:38","slug":"hom","status":"publish","type":"page","link":"https:\/\/www.pro-skills.eu\/fr\/","title":{"rendered":"Home"},"content":{"rendered":"<h2 class=\"welcome\" style=\"text-align: center;\"><strong>Bienvenue chez PRO-SKILLS<\/strong><\/h2>\n<blockquote><p><strong>concept de formation visant \u00e0 favoriser les comp\u00e9tences sociales et personnelles de personnes socialement d\u00e9favoris\u00e9es en vue de l\u2019\u00e9ducation et de la formation tout au long de la vie.<\/strong><strong> <\/strong><\/p><\/blockquote>\n<p><strong>Nous poursuivons plusieurs objectifs\u00a0:<\/strong><\/p>\n<ul class=\"listHome\" style=\"text-align: left;\">\n<li>R\u00e9pondre aux d\u00e9fis futurs de l\u2019\u00e9ducation et de la formation tout au long de la vie<\/li>\n<li>Favoriser les comp\u00e9tences sociales et personnelles chez les adultes<\/li>\n<li>Garantir aux personnes socialement d\u00e9favoris\u00e9es un acc\u00e8s \u00e9gal aux      offres de formation destin\u00e9es aux adultes<\/li>\n<li>Concevoir et diffuser un <strong>concept de formation ax\u00e9 sur la pratique<\/strong><\/li>\n<li>Proposer des m\u00e9thodes de formation actives et ax\u00e9es sur l\u2019exp\u00e9rience<\/li>\n<li>Favoriser des \u00e9changes europ\u00e9ens<\/li>\n<li>Former des professionnels travaillant avec des personnes socialement d\u00e9favoris\u00e9es<\/li>\n<li>Sensibiliser les d\u00e9cideurs politiques dans le domaine de l\u2019\u00e9ducation<\/li>\n<li style=\"text-align: left;\">B\u00e9n\u00e9ficier d\u2019une<strong> \u00e9quipe interdisciplinaire et multinationale<\/strong><\/li>\n<\/ul>\n<p style=\"padding-left: 60px; text-align: left;\">\n<p style=\"text-align: left;\">\n<p>Le projet fait partie du <strong>programme europ\u00e9en pour l\u2019\u00e9ducation et la formation tout au long de la vie<\/strong> (Grundtvig) et est cofinanc\u00e9 par la Commission europ\u00e9enne. Les dix partenaires du projet proviennent de huit pays europ\u00e9ens.<\/p>\n","protected":false},"excerpt":{"rendered":"<p>Bienvenue chez PRO-SKILLS concept de formation visant \u00e0 favoriser les comp\u00e9tences sociales et personnelles de personnes socialement d\u00e9favoris\u00e9es en vue de l\u2019\u00e9ducation et de la formation tout au long de la vie. Nous poursuivons plusieurs objectifs\u00a0: R\u00e9pondre aux d\u00e9fis futurs de l\u2019\u00e9ducation et de la formation tout au long de la vie Favoriser les comp\u00e9tences [&hellip;]<\/p>\n","protected":false},"author":4,"featured_media":0,"parent":0,"menu_order":1,"comment_status":"closed","ping_status":"open","template":"","meta":{"ngg_post_thumbnail":0,"footnotes":""},"class_list":["post-633","page","type-page","status-publish","hentry"],"aioseo_notices":[],"_links":{"self":[{"href":"https:\/\/www.pro-skills.eu\/fr\/wp-json\/wp\/v2\/pages\/633","targetHints":{"allow":["GET"]}}],"collection":[{"href":"https:\/\/www.pro-skills.eu\/fr\/wp-json\/wp\/v2\/pages"}],"about":[{"href":"https:\/\/www.pro-skills.eu\/fr\/wp-json\/wp\/v2\/types\/page"}],"author":[{"embeddable":true,"href":"https:\/\/www.pro-skills.eu\/fr\/wp-json\/wp\/v2\/users\/4"}],"replies":[{"embeddable":true,"href":"https:\/\/www.pro-skills.eu\/fr\/wp-json\/wp\/v2\/comments?post=633"}],"version-history":[{"count":5,"href":"https:\/\/www.pro-skills.eu\/fr\/wp-json\/wp\/v2\/pages\/633\/revisions"}],"predecessor-version":[{"id":635,"href":"https:\/\/www.pro-skills.eu\/fr\/wp-json\/wp\/v2\/pages\/633\/revisions\/635"}],"wp:attachment":[{"href":"https:\/\/www.pro-skills.eu\/fr\/wp-json\/wp\/v2\/media?parent=633"}],"curies":[{"name":"wp","href":"https:\/\/api.w.org\/{rel}","templated":true}]}}