{"id":717,"date":"2011-05-05T12:03:50","date_gmt":"2011-05-05T12:03:50","guid":{"rendered":"http:\/\/www.pro-skills.eu\/"},"modified":"2011-09-28T12:21:47","modified_gmt":"2011-09-28T12:21:47","slug":"hom-2","status":"publish","type":"page","link":"https:\/\/www.pro-skills.eu\/hu\/","title":{"rendered":"Home"},"content":{"rendered":"<h2 class=\"welcome\" style=\"text-align: center;\">\u00dcdv\u00f6z\u00f6lj\u00fck a PRO-SKILLS<\/h2>\n<p><br class=\"spacer_\" \/><\/p>\n<blockquote>\n<h4>szoci\u00e1lisan h\u00e1tr\u00e1nyos helyzet\u0171 emberek \u00e9lethosszig tart\u00f3 tanul\u00e1s alapj\u00e1t k\u00e9pez\u0151, szoci\u00e1lis \u00e9s egy\u00e9ni k\u00e9szs\u00e9geket fejleszt\u0151 projektben.<\/h4>\n<\/blockquote>\n<p><strong>C\u00e9ljaink:<\/strong><\/p>\n<ul class=\"listHome\" style=\"text-align: left;\">\n<li>az \u00e9lethosszig tart\u00f3 tanul\u00e1s j\u00f6v\u0151beli kih\u00edv\u00e1sainak megragad\u00e1sa<\/li>\n<li>a feln\u0151ttek szoci\u00e1lis \u00e9s egy\u00e9ni k\u00e9szs\u00e9gfejleszt\u00e9se<\/li>\n<li>a szoci\u00e1lisan h\u00e1tr\u00e1nyos helyzet\u0171 emberek egyenl\u0151 hozz\u00e1f\u00e9r\u00e9se a feln\u0151ttk\u00e9pz\u00e9si lehet\u0151s\u00e9gekhez<\/li>\n<li>egy gyakorlat orient\u00e1lt tr\u00e9ning koncepci\u00f3 kidolgoz\u00e1sa \u00e9s elterjeszt\u00e9se<\/li>\n<li>akt\u00edv \u00e9s <strong>tapasztalat alap\u00fa k\u00e9pz\u00e9si m\u00f3dszerek<\/strong><\/li>\n<li>eur\u00f3pai szint\u0171 tapasztalatcsere<\/li>\n<li>k\u00e9pz\u00e9s a szoci\u00e1lisan h\u00e1tr\u00e1nyos helyzet\u0171 emberekkel foglalkoz\u00f3 szakemberek r\u00e9sz\u00e9re<\/li>\n<li>az oktat\u00e1s ter\u00fclet\u00e9n tev\u00e9kenyked\u0151 d\u00f6nt\u00e9shoz\u00f3k \u00e9rz\u00e9keny\u00edt\u00e9se<\/li>\n<li style=\"text-align: left;\">egy <strong>interdiszciplin\u00e1ris \u00e9s multinacion\u00e1lis csapat<\/strong> tapasztalatainak felhaszn\u00e1l\u00e1sa<\/li>\n<\/ul>\n<p style=\"padding-left: 60px; text-align: left;\">\n<p style=\"text-align: left;\">\n<p style=\"text-align: left;\">\n<p style=\"text-align: left;\">A projekt az Eur\u00f3pai Bizotts\u00e1g \u00e1ltal finansz\u00edrozott <strong>Eur\u00f3pai \u00c9lethosszig Tart\u00f3 Tanul\u00e1s<\/strong> (Grundtvig) program r\u00e9sze. A t\u00edz projekt partnerszervezet, Eur\u00f3pa nyolc orsz\u00e1g\u00e1b\u00f3l sz\u00e1rmazik.<\/p>\n","protected":false},"excerpt":{"rendered":"<p>\u00dcdv\u00f6z\u00f6lj\u00fck a PRO-SKILLS szoci\u00e1lisan h\u00e1tr\u00e1nyos helyzet\u0171 emberek \u00e9lethosszig tart\u00f3 tanul\u00e1s alapj\u00e1t k\u00e9pez\u0151, szoci\u00e1lis \u00e9s egy\u00e9ni k\u00e9szs\u00e9geket fejleszt\u0151 projektben. C\u00e9ljaink: az \u00e9lethosszig tart\u00f3 tanul\u00e1s j\u00f6v\u0151beli kih\u00edv\u00e1sainak megragad\u00e1sa a feln\u0151ttek szoci\u00e1lis \u00e9s egy\u00e9ni k\u00e9szs\u00e9gfejleszt\u00e9se a szoci\u00e1lisan h\u00e1tr\u00e1nyos helyzet\u0171 emberek egyenl\u0151 hozz\u00e1f\u00e9r\u00e9se a feln\u0151ttk\u00e9pz\u00e9si lehet\u0151s\u00e9gekhez egy gyakorlat orient\u00e1lt tr\u00e9ning koncepci\u00f3 kidolgoz\u00e1sa \u00e9s elterjeszt\u00e9se akt\u00edv \u00e9s tapasztalat alap\u00fa k\u00e9pz\u00e9si [&hellip;]<\/p>\n","protected":false},"author":4,"featured_media":0,"parent":0,"menu_order":1,"comment_status":"closed","ping_status":"open","template":"","meta":{"ngg_post_thumbnail":0,"footnotes":""},"class_list":["post-717","page","type-page","status-publish","hentry"],"aioseo_notices":[],"_links":{"self":[{"href":"https:\/\/www.pro-skills.eu\/hu\/wp-json\/wp\/v2\/pages\/717","targetHints":{"allow":["GET"]}}],"collection":[{"href":"https:\/\/www.pro-skills.eu\/hu\/wp-json\/wp\/v2\/pages"}],"about":[{"href":"https:\/\/www.pro-skills.eu\/hu\/wp-json\/wp\/v2\/types\/page"}],"author":[{"embeddable":true,"href":"https:\/\/www.pro-skills.eu\/hu\/wp-json\/wp\/v2\/users\/4"}],"replies":[{"embeddable":true,"href":"https:\/\/www.pro-skills.eu\/hu\/wp-json\/wp\/v2\/comments?post=717"}],"version-history":[{"count":5,"href":"https:\/\/www.pro-skills.eu\/hu\/wp-json\/wp\/v2\/pages\/717\/revisions"}],"predecessor-version":[{"id":720,"href":"https:\/\/www.pro-skills.eu\/hu\/wp-json\/wp\/v2\/pages\/717\/revisions\/720"}],"wp:attachment":[{"href":"https:\/\/www.pro-skills.eu\/hu\/wp-json\/wp\/v2\/media?parent=717"}],"curies":[{"name":"wp","href":"https:\/\/api.w.org\/{rel}","templated":true}]}}