{"id":724,"date":"2011-05-05T13:32:11","date_gmt":"2011-05-05T13:32:11","guid":{"rendered":"http:\/\/www.pro-skills.eu\/"},"modified":"2011-05-05T13:32:11","modified_gmt":"2011-05-05T13:32:11","slug":"pro-skills-2-kepzok-kepzese-koncepcio","status":"publish","type":"page","link":"https:\/\/www.pro-skills.eu\/hu\/pro-skills-2-kepzok-kepzese-koncepcio\/","title":{"rendered":"Pro-Skills 2: K\u00e9pz\u0151k-k\u00e9pz\u00e9se koncepci\u00f3"},"content":{"rendered":"<p><strong> <\/strong><\/p>\n<h2><strong>Pro-Skills 2: K\u00e9pz\u0151k-k\u00e9pz\u00e9se koncepci\u00f3<\/strong><\/h2>\n<p><strong>Mi\u00e9rt a Pro-Skills folytat\u00e1sa, mely a k\u00e9pz\u0151k-k\u00e9pz\u00e9se koncepci\u00f3ra \u00f6sszpontos\u00edt?<\/strong><\/p>\n<p>Egyre t\u00f6bb feln\u0151tt k\u00f6r\u00e9ben hi\u00e1nyoznak az egy\u00e9ni, szoci\u00e1lis \u00e9s menedzsel\u00e9si k\u00e9szs\u00e9gek, melyek a sikeres \u00e9lethosszig tart\u00f3 tanul\u00e1s alap felt\u00e9teleit k\u00e9pezik. K\u00fcl\u00f6n\u00f6sen a szoci\u00e1lisan h\u00e1tr\u00e1nyos helyzet\u0171 emberek azok, akik kev\u00e9sb\u00e9 \u00e9lhetnek a feln\u0151ttoktat\u00e1s \u00e1ltal k\u00edn\u00e1lt lehet\u0151s\u00e9gekkel. Kev\u00e9s olyan aj\u00e1nl\u00e1s l\u00e9tezik, mely lehet\u0151s\u00e9get ad a feln\u0151tteknek az alapvet\u0151 k\u00e9szs\u00e9gek v\u00e9dett k\u00f6rnyezetben t\u00f6rt\u00e9n\u0151 elsaj\u00e1t\u00edt\u00e1s\u00e1ra. Ezen k\u00edv\u00fcl az oktat\u00f3k egy r\u00e9sz\u00e9n\u00e9l olyan jelleg\u0171 ismeret hi\u00e1ny tapasztalhat\u00f3, mely elengedhetetlen az eml\u00edtett k\u00e9szs\u00e9gek k\u00e9pz\u00e9se eset\u00e9ben.<\/p>\n<p>A Pro-Skills 2 c\u00e9lja a k\u00e9pz\u0151k \u00e9rz\u00e9keny\u00edt\u00e9se \u00e9s tov\u00e1bbk\u00e9pz\u00e9se a feln\u0151ttoktat\u00e1s, az \u00e9lethosszig tart\u00f3 tanul\u00e1s \u00e9s a szoci\u00e1lis munka ter\u00fclet\u00e9t illet\u0151en.<\/p>\n<p>A kor\u00e1bbi Grundtvig \u201ePro-Skills\u201d projektre alapozva, a k\u00e9pz\u0151k-k\u00e9pz\u00e9se koncepci\u00f3 kidolgoz\u00e1s\u00e1nak c\u00e9lja az alapvet\u0151 k\u00e9szs\u00e9gek fejleszt\u00e9s\u00e9vel foglalkoz\u00f3 szakemberek \u00e9rz\u00e9keny\u00edt\u00e9se \u00e9s tov\u00e1bbk\u00e9pz\u00e9se. A koncepci\u00f3, tart\u00f3s \u00e9s sz\u00e9les k\u00f6r\u0171 elterjeszt\u00e9se \u00e9rdek\u00e9ben, a Pro-Skills 2 kifejezetten olyan vezet\u0151 beoszt\u00e1s\u00fa szakembereknek \u00e9s int\u00e9zm\u00e9nyeknek sz\u00f3l, akik felel\u0151ss\u00e9get v\u00e1llalnak a feln\u0151ttoktat\u00e1s \u00e9s az \u00e9lethosszig tart\u00f3 tanul\u00e1s ter\u00fclet\u00e9n, a v\u00e9gs\u0151 c\u00e9lcsoporttal foglalkoz\u00f3 szakemberek alap-\u00e9s fels\u0151fok\u00fa k\u00e9pz\u00e9s\u00e9\u00e9rt (h\u00f3labda-rendszer). E int\u00e9zm\u00e9nyek felel\u0151s tagjai r\u00e9szt vesznek egy \u2013 a k\u00e9pz\u00e9si koncepci\u00f3 ment\u00e9n kidolgozott \u2013 Eur\u00f3pai tr\u00e9ningen, a region\u00e1lis h\u00e1l\u00f3zatokat kialak\u00edt\u00e1s\u00e1ban, valamint k\u00e9pz\u0151k-k\u00e9pz\u00e9se tr\u00e9ningeket szerveznek szoros egy\u00fcttm\u0171k\u00f6d\u00e9sben a projekt partnerekkel. Tov\u00e1bbi c\u00e9lkit\u0171z\u00e9s a k\u00e9pz\u0151k-k\u00e9pz\u00e9se koncepci\u00f3 bevezet\u00e9se mind a munkahelyi tr\u00e9ningek, mind az \u00e1ltal\u00e1nos szoci\u00e1lis munk\u00e1sok \u00e9s hasonl\u00f3 szakm\u00e1k ter\u00fclet\u00e9n. Egy utols\u00f3 eur\u00f3pai szint\u0171 tal\u00e1lkoz\u00f3 lehet\u0151v\u00e9 teszi a visszajelz\u00e9st \u00e9s a tapasztalatcser\u00e9t.<\/p>\n<p>A Pro-Skills koncepci\u00f3 mag\u00e1ban foglalja a feln\u0151ttoktat\u00e1s ter\u00fclet\u00e9n ismert innovat\u00edv megk\u00f6zel\u00edt\u00e9seket, mint az \u00f6nszab\u00e1lyozott, produkt\u00edv, kooperat\u00edv \u00e9s tapasztalat alap\u00fa tanul\u00e1s.<\/p>\n<p>A projekt v\u00e1rhat\u00f3an el\u00e9ri a koncepci\u00f3 sz\u00e9les k\u00f6r\u0171 \u00e9s tart\u00f3s megjelen\u00e9s\u00e9t a szakemberek oktat\u00e1s\u00e1ban \u00e9s k\u00f6zvetve a feln\u0151ttoktat\u00e1si aj\u00e1nl\u00e1sokban. A k\u00e9pz\u00e9si koncepci\u00f3 \u00e9s minden kapcsol\u00f3d\u00f3 szakanyag kilenc nyelven jelenik meg ezen a honlapon, ahol el\u00e9rhet\u0151 lesz a projekt lez\u00e1r\u00e1s\u00e1t k\u00f6vet\u0151en is.<\/p>\n<p><strong>A projekt id\u0151tartama:<\/strong> 2010. december \u2013 2013. m\u00e1jus<\/p>\n<p><strong>A projekt sz\u00e1ma:<\/strong> 509958-LLP-1-2010-1-DE-GRUNDTVIG-GMP<\/p>\n<p><strong>A projekt c\u00e9lkit\u0171z\u00e9sei<\/strong><\/p>\n<ul>\n<li>Egy r\u00e9szletes k\u00e9pz\u0151k-k\u00e9pz\u00e9se koncepci\u00f3 kidolgoz\u00e1sa, mely      mag\u00e1ban foglalja\n<ul>\n<li>a Pro-Skills k\u00e9pz\u00e9si tervet (\u201eAz \u00e9lethosszig tart\u00f3 tanul\u00e1s       alapj\u00e1t k\u00e9pez\u0151 alapvet\u0151 k\u00e9szs\u00e9gek t\u00e1mogat\u00e1sa\u201d) \u00e9s a v\u00e9grehajt\u00e1si       strat\u00e9gi\u00e1kat<\/li>\n<li>\u00e9rz\u00e9keny\u00edt\u00e9s az alapvet\u0151 k\u00e9szs\u00e9gek ir\u00e1nti ig\u00e9ny \u00e9s a feln\u0151ttoktat\u00e1s       felel\u0151ss\u00e9ge, k\u00fcl\u00f6n\u00f6sen a szoci\u00e1lisan h\u00e1tr\u00e1nyos helyzet\u0171 feln\u0151ttek k\u00f6r\u00e9ben       felmer\u00fcl\u0151, ilyen jelleg\u0171 ig\u00e9nyek t\u00e1mogat\u00e1sa \u00e9rdek\u00e9ben<\/li>\n<li>a Pro-Skills tr\u00e9ning min\u0151s\u00e9gbiztos\u00edt\u00e1si le\u00edr\u00e1s\u00e1nak       standardjai<\/li>\n<li>a feln\u0151ttoktat\u00e1s kompetenci\u00e1i<\/li>\n<li>Oklev\u00e9l<\/li>\n<\/ul>\n<\/li>\n<li>A felel\u0151s k\u00e9pz\u0151k \u00e9rz\u00e9keny\u00edt\u00e9se \u00e9s tov\u00e1bbk\u00e9pz\u00e9se az Eur\u00f3pai      k\u00e9pz\u0151k-k\u00e9pz\u00e9se tr\u00e9ning \u00e1ltal; az \u00e9lethosszig tart\u00f3 tanul\u00e1ssal foglalkoz\u00f3      k\u00fcls\u0151 szak\u00e9rt\u0151k bevon\u00e1sa a megfelel\u0151 szakmai h\u00e1tt\u00e9r biztos\u00edt\u00e1sa \u00e9rdek\u00e9ben;      akt\u00edv munka a Pro-Skills koncepci\u00f3 haszn\u00e1lat\u00e1val, kism\u00e9ret\u0171 workshopok      form\u00e1j\u00e1ban; a k\u00e9pz\u00e9si koncepci\u00f3val kapcsolatos visszajelz\u00e9sek, illetve      tapasztalatcsere a r\u00e9sztvev\u0151k k\u00f6z\u00f6tt.<\/li>\n<li>A feln\u0151ttk\u00e9pz\u00e9si \u00e9s oktat\u00e1si int\u00e9zm\u00e9nyek k\u00f6z\u00f6tti region\u00e1lis \/      nemzeti h\u00e1l\u00f3zatok kialak\u00edt\u00e1sa a szakemberek \u00e9s az oktat\u00f3k tov\u00e1bbk\u00e9pz\u00e9se \u00e9rdek\u00e9ben.<\/li>\n<li>A k\u00e9pz\u0151k-k\u00e9pz\u00e9se tr\u00e9ning nemzeti szint\u0171 megval\u00f3s\u00edt\u00e1sa      egy\u00fcttm\u0171k\u00f6d\u00e9sben a projekt partnerekkel \u00e9s az Eur\u00f3pai k\u00e9pz\u0151k-k\u00e9pz\u00e9se      tr\u00e9ning r\u00e9sztvev\u0151ivel; a k\u00e9pz\u00e9si koncepci\u00f3 bevezet\u00e9se mind az      alapoktat\u00e1sban oktat\u00f3k tov\u00e1bbk\u00e9pz\u00e9s\u00e9be, mind a szoci\u00e1lisan h\u00e1tr\u00e1nyos      helyzet\u0171 emberekkel, mint v\u00e9gs\u0151 c\u00e9lcsoporttal foglakoz\u00f3k r\u00e9sz\u00e9re szervezet      munkahelyi tr\u00e9ningek tematik\u00e1j\u00e1ba.<\/li>\n<li>A k\u00e9pz\u0151k-k\u00e9pz\u00e9se koncepci\u00f3 tart\u00f3s bevezet\u00e9se a szoci\u00e1lis      munk\u00e1sokat \u00e9s hasonl\u00f3 szakm\u00e1kat k\u00e9pz\u0151 oktat\u00e1si int\u00e9zm\u00e9nyek tanterv\u00e9be.<\/li>\n<li>Egy z\u00e1r\u00f3 Eur\u00f3pai szint\u0171 tal\u00e1lkoz\u00f3 szervez\u00e9se a tov\u00e1bbi      terjeszt\u00e9si lehet\u0151s\u00e9gekkel kapcsolatos tapasztalatcsere \u00e9rdek\u00e9ben.<\/li>\n<li>A k\u00e9pz\u0151k-k\u00e9pz\u00e9se koncepci\u00f3 sz\u00e9les k\u00f6r\u0171 elterjeszt\u00e9se a      projektben r\u00e9szt vev\u0151 int\u00e9zm\u00e9nyek mellett, e szakter\u00fcleten tev\u00e9kenyked\u0151k      egy\u00e9b szervezetek k\u00f6r\u00e9ben is.<\/li>\n<li>A k\u00e9pz\u0151k-k\u00e9pz\u00e9se tr\u00e9ning akkredit\u00e1ci\u00f3ja.<\/li>\n<li>A felel\u0151s szakemberek \u00e9s d\u00f6nt\u00e9shoz\u00f3k \u00e9rz\u00e9keny\u00edt\u00e9se az      alapvet\u0151 k\u00e9szs\u00e9gek, mint az \u00e9lethosszig tart\u00f3 tanul\u00e1s alapja ir\u00e1nti ig\u00e9ny      \u00e9s a feln\u0151ttoktat\u00e1s felel\u0151ss\u00e9ge, k\u00fcl\u00f6n\u00f6sen a szoci\u00e1lisan h\u00e1tr\u00e1nyos helyzet\u0171      feln\u0151ttek k\u00f6r\u00e9ben felmer\u00fcl\u0151, ilyen jelleg\u0171 ig\u00e9nyek t\u00e1mogat\u00e1sa \u00e9rdek\u00e9ben.<\/li>\n<\/ul>\n<p><strong> <\/strong><\/p>\n<p><strong> <\/strong><\/p>\n<p><strong>Innov\u00e1ci\u00f3<\/strong><\/p>\n<p><strong> <\/strong><\/p>\n<p>Az alapvet\u0151 k\u00e9szs\u00e9gek standardiz\u00e1lt k\u00e9pz\u0151k-k\u00e9pz\u00e9se koncepci\u00f3ja: eddig csak n\u00e9h\u00e1ny nem standardiz\u00e1lt k\u00e9pz\u00e9si er\u0151fesz\u00edt\u00e9sek ismertek az \u00e9lethosszig tart\u00f3 tanul\u00e1s alapjait k\u00e9pez\u0151 egy\u00e9ni, szoci\u00e1lis \u00e9s \u00f6nmenedzsel\u00e9si k\u00e9szs\u00e9gek t\u00e1mogat\u00e1s\u00e1t illet\u0151en. A Pro-Skills 2 fejleszti ki az els\u0151 standardiz\u00e1lt k\u00e9pz\u0151k-k\u00e9pz\u00e9se koncepci\u00f3t ebben a t\u00e9m\u00e1ban.<\/p>\n<p>Az alapvet\u0151 k\u00e9szs\u00e9gek bevezet\u00e9se a szakemberek sz\u00e1m\u00e1ra szervezet alap \u00e9s fels\u0151fok\u00fa oktat\u00e1s tanterveibe: a feln\u0151ttk\u00e9pz\u00e9s, az \u00e9lethosszig tart\u00f3 tanul\u00e1s \u00e9s a szoci\u00e1lis munka ter\u00fclet\u00e9n tev\u00e9kenyked\u0151 sz\u00e1mos szakember, m\u00e9g mindig nem ismeri fel a c\u00e9lcsoport k\u00f6r\u00e9ben megjelen\u0151, az alapvet\u0151 k\u00e9szs\u00e9gek k\u00e9pz\u00e9se ir\u00e1nti ig\u00e9ny\u00e9t, illetve nem rendelkezik az ilyen jelleg\u0171 ig\u00e9nyek kiel\u00e9g\u00edt\u00e9s\u00e9hez sz\u00fcks\u00e9ges tud\u00e1ssal. A k\u00e9pz\u0151k-k\u00e9pz\u00e9se tr\u00e9ning koncepci\u00f3j\u00e1nak kidolgoz\u00e1sa \u00e9s az akkredit\u00e1lt koncepci\u00f3, a m\u00e1r l\u00e9tez\u0151 szakemberk\u00e9pz\u00e9s \u00e9s tov\u00e1bbk\u00e9pz\u00e9s tanterveibe t\u00f6rt\u00e9n\u0151 bevezet\u00e9se \u00e1ltal, a projekt er\u0151teljesen t\u00e1mogatja az alapvet\u0151 k\u00e9szs\u00e9gfejleszt\u0151 k\u00e9pz\u00e9sek tart\u00f3s szerepeltet\u00e9s\u00e9t a feln\u0151ttoktat\u00e1s \u00e9s az \u00e9lethosszig tart\u00f3 tanul\u00e1s aj\u00e1nl\u00e1saiban.<\/p>\n<p>A hossz\u00fa t\u00e1v\u00fa hat\u00e1sokra \u00f6sszpontos\u00edt\u00f3 \u00e9rz\u00e9keny\u00edt\u00e9s: a projekt c\u00e9lja els\u0151sorban a hossz\u00fa t\u00e1v\u00fa hat\u00e1sok el\u00e9r\u00e9se a multiplik\u00e1torok (k\u00e9pz\u0151k-k\u00e9pz\u0151i) \u00e9rz\u00e9keny\u00edt\u00e9se \u00e9s k\u00e9pz\u00e9se, illetve k\u00fcl\u00f6n\u00f6sen a szakembereknek kidolgozott alap \u00e9s fels\u0151fok\u00fa k\u00e9pz\u00e9sek tantervi aj\u00e1nl\u00e1sai\u00e9rt felel\u0151s, vezet\u0151 beoszt\u00e1s\u00fa oktat\u00e1si szakemberek \u00e9s d\u00f6nt\u00e9shoz\u00f3k \u00e9rz\u00e9keny\u00edt\u00e9se \u00e1ltal.<\/p>\n<p>A k\u00e9pz\u0151k-k\u00e9pz\u00e9se koncepci\u00f3 h\u00f3labda strat\u00e9gi\u00e1j\u00e1nak k\u00f6sz\u00f6nhet\u0151en, a Pro-Skills 2 el\u0151seg\u00edti a kor\u00e1bbi Pro-Skills projekt innovat\u00edv elemeinek tart\u00f3s \u00e9s sz\u00e9les k\u00f6r\u0171 elterjeszt\u00e9s\u00e9t, mivel a feln\u0151ttoktat\u00e1sban, a k\u00e9pz\u00e9si aj\u00e1nl\u00e1sokhoz val\u00f3 hozz\u00e1f\u00e9r\u00e9s \u00e9s sikeres kihaszn\u00e1l\u00e1s, valamint az innovat\u00edv pedag\u00f3giai \u00e9s didaktikai m\u00f3dszerek \/\u00f6nszab\u00e1lyoz\u00f3, produkt\u00edv, kooperat\u00edv \u00e9s tapasztalat alap\u00fa tanul\u00e1s\/, a feln\u0151ttek alapvet\u0151 k\u00e9szs\u00e9gfejleszt\u00e9s\u00e9nek alapj\u00e1t k\u00e9pezik.<\/p>\n<p><strong>Projektkoordin\u00e1ci\u00f3<\/strong><\/p>\n<p><strong> <\/strong><\/p>\n<p>Zentrum f\u00fcr empirische p\u00e4dagogische Forschung, Landau (N\u00e9metorsz\u00e1g)<\/p>\n<p><strong> <\/strong><\/p>\n<p>Irti Huumeista Ry, Vaasa (Finnorsz\u00e1g)<\/p>\n<p><strong> <\/strong><\/p>\n<p><strong> <\/strong><\/p>\n<p><strong>A projektben r\u00e9sztvev\u0151 partnerek<\/strong><\/p>\n<p>Azienda Sanitaria Locale di Milano, Milano (Olaszorsz\u00e1g)<\/p>\n<p>Centre de Prevention des Toxicomanies, Luxembourg (Luxemburg)<\/p>\n<p>Hochschule Fulda \u2013 University of Applied Sciences, Fulda (N\u00e9metorsz\u00e1g)<\/p>\n<p>Institute for Research and Development \u201cUtrip\u201d, Grosuplje (Szlov\u00e9nia)<\/p>\n<p>Megyei Eg\u00e9szs\u00e9g Kult\u00far\u00e1t Koordin\u00e1l\u00f3 Alap\u00edtv\u00e1ny, Ny\u00edregyh\u00e1za (Magyarorsz\u00e1g)<\/p>\n<p>Protasi- Movement for another lifestyle, Patras (G\u00f6r\u00f6gorsz\u00e1g)<\/p>\n<p>Swiss Federation for Adult Learning, Nyon (Sv\u00e1jc)<strong> <\/strong><\/p>\n","protected":false},"excerpt":{"rendered":"<p>Pro-Skills 2: K\u00e9pz\u0151k-k\u00e9pz\u00e9se koncepci\u00f3 Mi\u00e9rt a Pro-Skills folytat\u00e1sa, mely a k\u00e9pz\u0151k-k\u00e9pz\u00e9se koncepci\u00f3ra \u00f6sszpontos\u00edt? Egyre t\u00f6bb feln\u0151tt k\u00f6r\u00e9ben hi\u00e1nyoznak az egy\u00e9ni, szoci\u00e1lis \u00e9s menedzsel\u00e9si k\u00e9szs\u00e9gek, melyek a sikeres \u00e9lethosszig tart\u00f3 tanul\u00e1s alap felt\u00e9teleit k\u00e9pezik. K\u00fcl\u00f6n\u00f6sen a szoci\u00e1lisan h\u00e1tr\u00e1nyos helyzet\u0171 emberek azok, akik kev\u00e9sb\u00e9 \u00e9lhetnek a feln\u0151ttoktat\u00e1s \u00e1ltal k\u00edn\u00e1lt lehet\u0151s\u00e9gekkel. Kev\u00e9s olyan aj\u00e1nl\u00e1s l\u00e9tezik, mely lehet\u0151s\u00e9get ad [&hellip;]<\/p>\n","protected":false},"author":4,"featured_media":0,"parent":0,"menu_order":3,"comment_status":"closed","ping_status":"open","template":"","meta":{"ngg_post_thumbnail":0,"footnotes":""},"class_list":["post-724","page","type-page","status-publish","hentry"],"aioseo_notices":[],"_links":{"self":[{"href":"https:\/\/www.pro-skills.eu\/hu\/wp-json\/wp\/v2\/pages\/724","targetHints":{"allow":["GET"]}}],"collection":[{"href":"https:\/\/www.pro-skills.eu\/hu\/wp-json\/wp\/v2\/pages"}],"about":[{"href":"https:\/\/www.pro-skills.eu\/hu\/wp-json\/wp\/v2\/types\/page"}],"author":[{"embeddable":true,"href":"https:\/\/www.pro-skills.eu\/hu\/wp-json\/wp\/v2\/users\/4"}],"replies":[{"embeddable":true,"href":"https:\/\/www.pro-skills.eu\/hu\/wp-json\/wp\/v2\/comments?post=724"}],"version-history":[{"count":2,"href":"https:\/\/www.pro-skills.eu\/hu\/wp-json\/wp\/v2\/pages\/724\/revisions"}],"predecessor-version":[{"id":726,"href":"https:\/\/www.pro-skills.eu\/hu\/wp-json\/wp\/v2\/pages\/724\/revisions\/726"}],"wp:attachment":[{"href":"https:\/\/www.pro-skills.eu\/hu\/wp-json\/wp\/v2\/media?parent=724"}],"curies":[{"name":"wp","href":"https:\/\/api.w.org\/{rel}","templated":true}]}}