{"id":706,"date":"2011-05-04T09:11:02","date_gmt":"2011-05-04T09:11:02","guid":{"rendered":"http:\/\/www.pro-skills.eu\/"},"modified":"2011-05-04T09:11:02","modified_gmt":"2011-05-04T09:11:02","slug":"home-4","status":"publish","type":"page","link":"https:\/\/www.pro-skills.eu\/it\/","title":{"rendered":"Home"},"content":{"rendered":"<h2 class=\"welcome\" style=\"text-align: center;\">Benvenuti. Siete nel sito del progetto PRO-SKILLS<\/h2>\n<p><br class=\"spacer_\" \/><\/p>\n<blockquote>\n<h4>Il programma PROSKILLS intende promuovere e valorizzare le abilit\u00e0 personali e sociali (life skills) necessarie nei percorsi di apprendimento permanente ed \u00e8 rivolto a giovani adulti in situazioni di vulnerabilit\u00e0 e svantaggio sociale.<\/h4>\n<\/blockquote>\n<p><strong>Le finalit\u00e0 del programma Proskills sono <\/strong><\/p>\n<ul class=\"listHome\">\n<li>Contribuire a      migliorare l\u2019offerta nel settore dell\u2019apprendimento permanente<\/li>\n<li>Promuovere le      abilit\u00e0 sociali e personali nei giovani adulti in situazioni di      vulnerabilit\u00e0 e svantaggio sociale per aumentarne la partecipazione nei      programmi formativi e rendere maggiormente efficaci i percorsi di      reintegrazione<\/li>\n<li>Assicurare equit\u00e0      nell\u2019offerta di programmi di formazione e apprendimento a tutti i soggetti,      considerando in particolare le persone in svantaggio sociale<\/li>\n<li>Ideare e diffondere una      metodologia formativa caratterizzata dall\u2019 approccio esperienziale<\/li>\n<li>Promuovere i metodi      attivi nella formazione<\/li>\n<li>Favorire un      confronto a livello europeo<\/li>\n<li>Formare I      professionisti che lavorano a contatto con i giovani in svantaggio sociale<\/li>\n<li>Sensibilizzare      politici e decisori del settore educazione<\/li>\n<li>Promuovere l\u2019      interdisciplinariet\u00e0 e lo scambio culturale<\/li>\n<\/ul>\n<p>Il progetto \u00e8 parte del programma europeo per l\u2019 Apprendimento Permanente (Grundtvig) ed \u00e8 sostenuto dalla Commissione Europea.<\/p>\n<p>Il progetto coinvolge dieci organizzazioni di otto diversi Paesi Europei.<\/p>\n","protected":false},"excerpt":{"rendered":"<p>Benvenuti. Siete nel sito del progetto PRO-SKILLS Il programma PROSKILLS intende promuovere e valorizzare le abilit\u00e0 personali e sociali (life skills) necessarie nei percorsi di apprendimento permanente ed \u00e8 rivolto a giovani adulti in situazioni di vulnerabilit\u00e0 e svantaggio sociale. Le finalit\u00e0 del programma Proskills sono Contribuire a migliorare l\u2019offerta nel settore dell\u2019apprendimento permanente Promuovere [&hellip;]<\/p>\n","protected":false},"author":4,"featured_media":0,"parent":0,"menu_order":1,"comment_status":"closed","ping_status":"open","template":"","meta":{"ngg_post_thumbnail":0,"footnotes":""},"class_list":["post-706","page","type-page","status-publish","hentry"],"aioseo_notices":[],"_links":{"self":[{"href":"https:\/\/www.pro-skills.eu\/it\/wp-json\/wp\/v2\/pages\/706","targetHints":{"allow":["GET"]}}],"collection":[{"href":"https:\/\/www.pro-skills.eu\/it\/wp-json\/wp\/v2\/pages"}],"about":[{"href":"https:\/\/www.pro-skills.eu\/it\/wp-json\/wp\/v2\/types\/page"}],"author":[{"embeddable":true,"href":"https:\/\/www.pro-skills.eu\/it\/wp-json\/wp\/v2\/users\/4"}],"replies":[{"embeddable":true,"href":"https:\/\/www.pro-skills.eu\/it\/wp-json\/wp\/v2\/comments?post=706"}],"version-history":[{"count":1,"href":"https:\/\/www.pro-skills.eu\/it\/wp-json\/wp\/v2\/pages\/706\/revisions"}],"predecessor-version":[{"id":707,"href":"https:\/\/www.pro-skills.eu\/it\/wp-json\/wp\/v2\/pages\/706\/revisions\/707"}],"wp:attachment":[{"href":"https:\/\/www.pro-skills.eu\/it\/wp-json\/wp\/v2\/media?parent=706"}],"curies":[{"name":"wp","href":"https:\/\/api.w.org\/{rel}","templated":true}]}}