{"id":728,"date":"2011-05-15T10:48:00","date_gmt":"2011-05-15T10:48:00","guid":{"rendered":"http:\/\/www.pro-skills.eu\/"},"modified":"2011-05-15T10:51:14","modified_gmt":"2011-05-15T10:51:14","slug":"domov","status":"publish","type":"page","link":"https:\/\/www.pro-skills.eu\/sl\/","title":{"rendered":"Domov"},"content":{"rendered":"<p>\ufeff<\/p>\n<h2 class=\"welcome\" style=\"text-align: center;\">Dobrodo\u0161li na spletni strani projekta PRO-SKILLS<\/h2>\n<p><br class=\"spacer_\" \/><\/p>\n<blockquote>\n<h4>Gre za projekt, s katerim \u017eelimo spodbuditi promocijo socialnih in osebnih ve\u0161\u010din pri socialno nepriviligiranih skupinah ljudi, ki so osnovni pogoj za vse\u017eivljenjsko u\u010denje!<\/h4>\n<\/blockquote>\n<p><strong>Usmerjamo se k:<\/strong><\/p>\n<ul class=\"listHome\" style=\"text-align: left;\">\n<li>soo\u010danju s prihodnjimi izzivi na podro\u010dju vse\u017eivljenjskega u\u010denja<\/li>\n<li>spodbujanju socialnih in osebnih ve\u0161\u010din pri odraslih<\/li>\n<li>enakovrednemu dostopu do ponudb za izobra\u017eevanje odraslih tudi za<br \/>\nsocialno nepriviligirane skupine ljudi<\/li>\n<li>zasnovi in \u0161iritvi <strong>prakti\u010dno usmerjenega izobra\u017eevalnega koncepta<\/strong><\/li>\n<li>aktivnim ter izku\u0161enjsko usmerjenim izobra\u017eevalnim metodam<\/li>\n<li>evropski izmenjavi<\/li>\n<li>usposabljanju strokovnjakov, ki delajo s socialno nepriviligiranimi skupinami ljudi<\/li>\n<li>senzibilizaciji odlo\u010devalcev na podro\u010dju izobra\u017eevanja<\/li>\n<li style=\"text-align: left;\">pridobivanju znanja in izku\u0161enj od interdisciplinarne in mednarodne skupine<\/li>\n<\/ul>\n<p style=\"padding-left: 60px; text-align: left;\">\n<p>Projekt je del evropskega programa vse\u017eivljenjskega u\u010denja (podprogram Grundtvig) in je sofinanciran s strani Evropske komisije. Deset partnerjev projekta prihaja iz osmih evropskih dr\u017eav.<\/p>\n","protected":false},"excerpt":{"rendered":"<p>\ufeff Dobrodo\u0161li na spletni strani projekta PRO-SKILLS Gre za projekt, s katerim \u017eelimo spodbuditi promocijo socialnih in osebnih ve\u0161\u010din pri socialno nepriviligiranih skupinah ljudi, ki so osnovni pogoj za vse\u017eivljenjsko u\u010denje! Usmerjamo se k: soo\u010danju s prihodnjimi izzivi na podro\u010dju vse\u017eivljenjskega u\u010denja spodbujanju socialnih in osebnih ve\u0161\u010din pri odraslih enakovrednemu dostopu do ponudb za izobra\u017eevanje [&hellip;]<\/p>\n","protected":false},"author":4,"featured_media":0,"parent":0,"menu_order":1,"comment_status":"closed","ping_status":"open","template":"","meta":{"ngg_post_thumbnail":0,"footnotes":""},"class_list":["post-728","page","type-page","status-publish","hentry"],"aioseo_notices":[],"_links":{"self":[{"href":"https:\/\/www.pro-skills.eu\/sl\/wp-json\/wp\/v2\/pages\/728","targetHints":{"allow":["GET"]}}],"collection":[{"href":"https:\/\/www.pro-skills.eu\/sl\/wp-json\/wp\/v2\/pages"}],"about":[{"href":"https:\/\/www.pro-skills.eu\/sl\/wp-json\/wp\/v2\/types\/page"}],"author":[{"embeddable":true,"href":"https:\/\/www.pro-skills.eu\/sl\/wp-json\/wp\/v2\/users\/4"}],"replies":[{"embeddable":true,"href":"https:\/\/www.pro-skills.eu\/sl\/wp-json\/wp\/v2\/comments?post=728"}],"version-history":[{"count":4,"href":"https:\/\/www.pro-skills.eu\/sl\/wp-json\/wp\/v2\/pages\/728\/revisions"}],"predecessor-version":[{"id":730,"href":"https:\/\/www.pro-skills.eu\/sl\/wp-json\/wp\/v2\/pages\/728\/revisions\/730"}],"wp:attachment":[{"href":"https:\/\/www.pro-skills.eu\/sl\/wp-json\/wp\/v2\/media?parent=728"}],"curies":[{"name":"wp","href":"https:\/\/api.w.org\/{rel}","templated":true}]}}